{"id":2004,"date":"2021-06-10T12:27:24","date_gmt":"2021-06-10T17:27:24","guid":{"rendered":"https:\/\/clubcatalandenegocios.com.mx\/principal\/?page_id=2004"},"modified":"2023-06-10T10:38:30","modified_gmt":"2023-06-10T16:38:30","slug":"__trashed","status":"publish","type":"page","link":"https:\/\/www.clubcatalandenegocios.com.mx\/principal\/","title":{"rendered":"HOME"},"content":{"rendered":"<p><section data-kc-fullwidth=\"content\" class=\"kc-elm kc-css-526304 kc_row\"><div class=\"kc-row-container\"><div class=\"kc-wrap-columns\"><div class=\"kc-elm kc-css-209345 kc_col-sm-12 kc_column kc_col-sm-12\"><div class=\"kc-col-container\"><div class=\"kc-elm kc-css-800382 kc-raw-code\"><style id=\"depicter-1-inline-pre-css\">\n\n.depicter-1:not(.depicter-ready){\n\theight:900px;\n}\n\n\/***** Tablet *****\/\n@media screen and (max-width:1024px){\n\n.depicter-1:not(.depicter-ready){\n\theight:700px;\n}\n\n}\n\/***** Mobile *****\/\n@media screen and (max-width:767px){\n\n.depicter-1:not(.depicter-ready){\n\theight:740px;\n}\n\n}\n<\/style>\n<div id=\"depicter-1\" class=\"depicter depicter-document depicter-revert depicter-1 depicter-layout-fullwidth\">\n\n<div class=\"depicter-loading-container depicter-loading dotFlashing-dark\"><div class=\"depicter-loading-dark depicter-dot-flashing\">\n <span><\/span>\n <span><\/span>\n <span><\/span>\n<\/div><\/div>\n\n<div class=\"depicter-overlay-layers\">\n<div id=\"depicter-1-element-8\" class=\"depicter-element depicter-layer depicter-1-element-8\" data-type=\"bullet\" data-wrap=\"true\" data-name=\"Bullet 1\" data-offset=\"x:0px;y:441px;origin:mc\" data-mobile-offset=\"x:0px;y:345px;origin:mc\" data-width=\"auto,,auto\" data-height=\"auto,,auto\" data-responsive-scale=\"true,,\"><\/div>\n<\/div>\n\n<div id=\"depicter-1-section-1\" class=\"depicter-section depicter-1-section-1\" data-name=\"Home\" data-slideshow-duration=\"15\" data-slideshow-pause=\"true\">\n<img src=\"data:image\/gif;base64,R0lGODlhAQABAIAAAAAAAP\/\/\/yH5BAEAAAAALAAAAAABAAEAAAIBRAA7\" class=\"depicter-bg\" data-src=\"https:\/\/www.clubcatalandenegocios.com.mx\/principal\/wp-content\/uploads\/2022\/11\/@UnSiPhYq704ffdA-scaled.jpg\" alt=\"\" data-object-position=\"center center,,\" \/>\n\n\n<h2 data-animation-in=\"{'direction':'top','easing':'easeInOutExpo','duration':3000,'movement':{'value':150,'unit':'px'},'scale':1.2,'type':'moveAndTransform'}\" id=\"depicter-1-element-4\" class=\"depicter-element depicter-layer depicter-1-element-4\" data-type=\"text\" data-wrap=\"true\" data-name=\"Text 1\" data-offset=\"x:-259px;y:-220px;origin:mc\" data-tablet-offset=\"x:-218px;y:-211px;origin:mc\" data-mobile-offset=\"x:1px;y:-166px;origin:mc\" data-width=\"652px,509px,362px\" data-height=\"auto,auto,auto\" data-responsive-scale=\"true,,\">Bienvenido al<\/h2>\n\n<p data-animation-in=\"{'direction':'bottom','easing':'easeInOutExpo','duration':3000,'movement':{'value':150,'unit':'px'},'fade':true,'delay':300,'scale':1,'type':'moveAndTransform'}\" id=\"depicter-1-element-5\" class=\"depicter-element depicter-layer depicter-1-element-5\" data-type=\"text\" data-wrap=\"true\" data-name=\"Text 2\" data-offset=\"x:-231px;y:84px;origin:mc\" data-tablet-offset=\"x:-218px;y:26px;origin:mc\" data-mobile-offset=\"x:2px;y:13px;origin:mc\" data-width=\"708px,509px,270px\" data-height=\"auto,auto,auto\" data-responsive-scale=\"true,,\">El Club Catal\u00e1n de Negocios es una<br>asociaci\u00f3n sin \u00e1nimo de lucro, creada hace<br>m\u00e1s de 30 a\u00f1os, para fomentar la <br>vinculaci\u00f3n econ\u00f3mica y empresarial entre <br>M\u00e9xico y Catalu\u00f1a.<\/p>\n\n<a href=\"https:\/\/clubcatalandenegocios.com.mx\/principal\/contacto\"><div data-animation-in=\"{'direction':'right','easing':'easeOutQuart','duration':2500,'movement':{'value':0,'unit':'px'},'scale':0.9,'delay':3000,'type':'moveAndTransform'}\" id=\"depicter-1-element-7\" class=\"depicter-element depicter-layer depicter-1-element-7\" data-type=\"button\" data-wrap=\"true\" data-name=\"Button 2\" data-offset=\"x:-480px;y:244px;origin:mc\" data-tablet-offset=\"x:-375px;y:128px;origin:mc\" data-mobile-offset=\"x:3px;y:106px;origin:mc\" data-width=\"210px,195px,300px\" data-height=\"71px,60px,50px\" data-responsive-scale=\"true,,\">\u00a1Quiero ser miembro!<\/div><\/a>\n<h1 data-animation-in=\"{'direction':'bottom','easing':'easeInOutExpo','duration':3000,'movement':{'value':150,'unit':'px'},'scale':1.2,'type':'moveAndTransform'}\" id=\"depicter-1-element-10\" class=\"depicter-element depicter-layer depicter-1-element-10\" data-type=\"text\" data-wrap=\"true\" data-name=\"Text 3\" data-offset=\"x:-259px;y:-112px;origin:mc\" data-tablet-offset=\"x:-218px;y:-106px;origin:mc\" data-mobile-offset=\"x:0px;y:-95px;origin:mc\" data-width=\"652px,509px,360px\" data-height=\"auto,auto,auto\" data-responsive-scale=\"true,,\">Club Catal\u00e1n de Negocios<\/h1>\n<\/div>\n<\/div>\n<script>\n(window.depicterSetups = window.depicterSetups || []).push(function(){\n\tvar slider = Depicter.setup('.depicter-1',\n\t\t{\"width\":[\"1600\",\"1024\",\"360\"],\"height\":[\"900\",\"700\",\"740\"],\"keepAspectRatio\":true,\"preload\":0,\"layout\":\"fullwidth\",\"rtl\":false,\"view\":\"mask\",\"viewOptions\":{\"loop\":true},\"mouseSwipe\":true,\"touchSwipe\":true,\"keyboard\":true}\n\t);\n});\n<\/script><\/div><\/div><\/div><\/div><\/div><\/section><section data-kc-fullwidth=\"content\" class=\"kc-elm kc-css-364713 kc_row\"><div class=\"kc-row-container\"><div class=\"kc-wrap-columns\"><div class=\"kc-elm kc-css-248204 kc_col-sm-12 kc_column kc_col-sm-12\"><div class=\"kc-col-container\"><div class=\"kc-elm kc-css-622594\" style=\"height: 40px; clear: both; width:100%;\"><\/div><div class=\"kc-elm kc-css-453832 kc_text_block\"><\/p>\n<h1 style=\"text-align: center; color: #000; font-family: Montserrat !important;\">\u201cEn Club Catal\u00e1n<br \/>de Negocios, ayudamos a las empresa a crecer\u201d<\/h1>\n<p>\n<\/div><div class=\"kc-elm kc-css-953729 kc_text_block\"><\/p>\n<h3 style=\"text-align: center; color: #000; font-weight: 300 !important; font-family: Montserrat !important;\">Somos una asociaci\u00f3n empresarial que conectamos a profesionales<br \/>y empresarios para fomentar el aprendizaje cruzado y el desarrollo de oportunidades<br \/>de negocio.<\/h3>\n<p>\n<\/div><div class=\"kc-elm kc-css-500825\" style=\"height: 40px; clear: both; width:100%;\"><\/div><\/div><\/div><\/div><\/div><\/section><section id=\"two_img\" data-kc-fullwidth=\"content\" class=\"kc-elm kc-css-644312 kc_row\"><div class=\"kc-row-container\"><div class=\"kc-wrap-columns\"><div class=\"kc-elm kc-css-479622 kc_col-sm-6 kc_column kc_col-sm-6\"><div class=\"kc-col-container\"><div class=\"kc-elm kc-css-866111 kc_shortcode kc_single_image\">\n\n <img src=\"https:\/\/www.clubcatalandenegocios.com.mx\/principal\/wp-content\/uploads\/2023\/04\/ccn-abril-2023-500x260xc.png\" class=\"split-img\" alt=\"\" \/> <\/div>\n\n<div class=\"kc-elm kc-css-980309 center-button\">\n\t<a class=\"kc_button\" href=\"https:\/\/clubcatalandenegocios.com.mx\/principal\/visita-a-la-bolsa-mexicana-de-valores\" target=\"_self\" title=\"Visita al museo MUBO y comida\" onclick=\"\">\n\t\tPr\u00f3ximo evento 19\/04\t<\/a>\n<\/div>\n<\/div><\/div><div class=\"kc-elm kc-css-782358 kc_col-sm-6 kc_column kc_col-sm-6\"><div class=\"kc-col-container\"><div class=\"kc-elm kc-css-44239 kc_shortcode kc_single_image\">\n\n <img src=\"https:\/\/www.clubcatalandenegocios.com.mx\/principal\/wp-content\/uploads\/2023\/04\/dones2023-500x260xc.png\" class=\"split-img\" alt=\"\" \/> <\/div>\n\n<div class=\"kc-elm kc-css-914370 center-button\">\n\t<a class=\"kc_button\" href=\"https:\/\/clubcatalandenegocios.com.mx\/principal\/dones-2023\" target=\"_self\" title=\"DONES 2023\" onclick=\"\">\n\t\tEvento anterior\t<\/a>\n<\/div>\n<\/div><\/div><\/div><\/div><\/section><section id=\"full-banner\" data-kc-fullwidth=\"content\" class=\"kc-elm kc-css-708463 kc_row .full-banner\"><div class=\"kc-row-container\"><div class=\"kc-wrap-columns\"><div class=\"kc-elm kc-css-208641 kc_col-sm-12 kc_column kc_col-sm-12\"><div class=\"full-banner kc-col-container\"><div class=\"kc-elm kc-css-816934\" style=\"height: 99px; clear: both; width:100%;\"><\/div><div class=\"kc-elm kc-css-367125 kc_text_block event-full-banner\"><\/p>\n<h2><strong>VIAJA CON EMIRATES<br \/><\/strong><\/h2>\n<h2>Viaja a Barcelona, con descuento de un 15% en clase Turista o Business a trav\u00e9s de Emirates. Si el destino es Dub\u00e1i o cualquier otro destino de la red de Emirates, el descuento es de un 10%<\/h2>\n<p>\n<\/div>\n<div class=\"kc-elm kc-css-797167\">\n\t<a class=\"kc_button\" href=\"http:\/\/www.emirates.mx\/Clubcatalan\" target=\"_self\" title=\"\" onclick=\"\">\n\t\t\u00a1VIAJA CON NOSOTROS!\t<\/a>\n<\/div>\n<div class=\"kc-elm kc-css-552666\" style=\"height: 51px; clear: both; width:100%;\"><\/div><\/div><\/div><\/div><\/div><\/section><section data-kc-fullwidth=\"content\" class=\"kc-elm kc-css-330073 kc_row .full-banner\"><div class=\"kc-row-container\"><div class=\"kc-wrap-columns\"><div class=\"kc-elm kc-css-176330 kc_col-sm-12 kc_column kc_col-sm-12\"><div class=\"full-banner kc-col-container\"><div class=\"kc-elm kc-css-789184\" style=\"height: 40px; clear: both; width:100%;\"><\/div><\/div><\/div><\/div><\/div><\/section><section data-kc-equalheight=\"true\" data-kc-equalheight-align=\"middle\" class=\"kc-elm kc-css-512215 kc_row icon-background-row\"><div class=\"kc-row-container kc-container icon-background-container\"><div class=\"kc-wrap-columns\"><div class=\"kc-elm kc-css-620366 kc_col-sm-4 kc_column kc_col-sm-4 icon-background-col\"><div class=\"icon-background kc-col-container\"><div class=\"kc-elm kc-css-887029\" style=\"height: 10px; clear: both; width:100%;\"><\/div><div class=\"kc-elm kc-css-272606 kc_shortcode kc_single_image\">\n\n <img src=\"https:\/\/www.clubcatalandenegocios.com.mx\/principal\/wp-content\/uploads\/2021\/04\/icono-1-52x35xc.png\" class=\"\" alt=\"\" \/> <\/div>\n\n<div class=\"kc-elm kc-css-751164 kc-title-wrap \">\n\n\t<h4 class=\"kc_title\">NETWORKING<\/h4>\n<\/div>\n<div class=\"kc-elm kc-css-902101\" style=\"height: 20px; clear: both; width:100%;\"><\/div><div class=\"kc-elm kc-css-829115 kc_text_block\"><\/p>\n<p>\nConoce el directorio de nuestras empresas asociadas y sus beneficios como socios<\/p>\n<p>\n<\/div>\n<div class=\"kc-elm kc-css-157978\">\n\t<a class=\"kc_button\" href=\"https:\/\/clubcatalandenegocios.com.mx\/principal\/nuestros-socios\" target=\"_self\" title=\"CONOCE M\u00c1S\" onclick=\"\">\n\t\tCONOCE M\u00c1S\t<\/a>\n<\/div>\n<div class=\"kc-elm kc-css-986590\" style=\"height: 10px; clear: both; width:100%;\"><\/div><\/div><\/div><div class=\"kc-elm kc-css-60037 kc_col-sm-4 kc_column kc_col-sm-4 icon-background-col\"><div class=\"icon-background kc-col-container\"><div class=\"kc-elm kc-css-379075\" style=\"height: 10px; clear: both; width:100%;\"><\/div><div class=\"kc-elm kc-css-231864 kc_shortcode kc_single_image\">\n\n <img src=\"https:\/\/www.clubcatalandenegocios.com.mx\/principal\/wp-content\/uploads\/2021\/04\/icono-2-52x35xc.png\" class=\"\" alt=\"\" \/> <\/div>\n\n<div class=\"kc-elm kc-css-708970 kc-title-wrap \">\n\n\t<h4 class=\"kc_title\">TRANSPORTES Y VIAJES<\/h4>\n<\/div>\n<div class=\"kc-elm kc-css-875625\" style=\"height: 20px; clear: both; width:100%;\"><\/div><div class=\"kc-elm kc-css-535516 kc_text_block\"><\/p>\n<p>\nDescuentos y promociones en transporte con Emirates.<\/p>\n<p>\n<\/div>\n<div class=\"kc-elm kc-css-141345\">\n\t<a class=\"kc_button\" href=\"https:\/\/clubcatalandenegocios.com.mx\/principal\/beneficios\" target=\"_self\" title=\"CONOCE M\u00c1S\" onclick=\"\">\n\t\tCONOCE M\u00c1S\t<\/a>\n<\/div>\n<div class=\"kc-elm kc-css-50942\" style=\"height: 10px; clear: both; width:100%;\"><\/div><\/div><\/div><div class=\"kc-elm kc-css-117428 kc_col-sm-4 kc_column kc_col-sm-4 icon-background-col\"><div class=\"icon-background kc-col-container\"><div class=\"kc-elm kc-css-578212\" style=\"height: 10px; clear: both; width:100%;\"><\/div><div class=\"kc-elm kc-css-632648 kc_shortcode kc_single_image\">\n\n <img src=\"https:\/\/www.clubcatalandenegocios.com.mx\/principal\/wp-content\/uploads\/2021\/04\/icono-3-52x35xc.png\" class=\"\" alt=\"\" \/> <\/div>\n\n<div class=\"kc-elm kc-css-475447 kc-title-wrap \">\n\n\t<h4 class=\"kc_title\">FORMACI\u00d3N<\/h4>\n<\/div>\n<div class=\"kc-elm kc-css-118220\" style=\"height: 20px; clear: both; width:100%;\"><\/div><div class=\"kc-elm kc-css-394466 kc_text_block\"><\/p>\n<p>\nDescuentos y promociones en formaci\u00f3n<\/p>\n<p>UOC (universidad abierta de catalunya)<\/p>\n<p>\n<\/div>\n<div class=\"kc-elm kc-css-864667\">\n\t<a class=\"kc_button\" href=\"https:\/\/clubcatalandenegocios.com.mx\/principal\/beneficios\" target=\"_self\" title=\"CONOCE M\u00c1S\" onclick=\"\">\n\t\tCONOCE M\u00c1S\t<\/a>\n<\/div>\n<div class=\"kc-elm kc-css-322945\" style=\"height: 10px; clear: both; width:100%;\"><\/div><\/div><\/div><\/div><\/div><\/section><section class=\"kc-elm kc-css-255196 kc_row\"><div class=\"kc-row-container kc-container\"><div class=\"kc-wrap-columns\"><\/div><\/div><\/section><section class=\"kc-elm kc-css-119615 kc_row\"><div class=\"kc-row-container kc-container\"><div class=\"kc-wrap-columns\"><\/div><\/div><\/section><section class=\"kc-elm kc-css-549795 kc_row\"><div class=\"kc-row-container kc-container\"><div class=\"kc-wrap-columns\"><\/div><\/div><\/section><\/p>\n","protected":false},"excerpt":{"rendered":"","protected":false},"author":4,"featured_media":0,"parent":0,"menu_order":0,"comment_status":"closed","ping_status":"closed","template":"","meta":[],"tags":[238,239],"yoast_head":"\n<title>\u25b6\ufe0e CLUB CATAL\u00c1N DE NEGOCIOS \ud83e\udd1d<\/title>\n<meta name=\"description\" content=\"\ud83c\uddf2\ud83c\uddfd Bienvenido al CLUB CATAL\u00c1N de NEGOCIOS, una plataforma pensada para ayudar a emprendedores a estrechar lazos entre Catalu\u00f1a y M\u00e9xico.\u2705\" \/>\n<meta name=\"robots\" content=\"index, follow, max-snippet:-1, max-image-preview:large, max-video-preview:-1\" \/>\n<link rel=\"canonical\" href=\"https:\/\/www.clubcatalandenegocios.com.mx\/principal\/\" \/>\n<meta property=\"og:locale\" content=\"es_ES\" \/>\n<meta property=\"og:type\" content=\"article\" \/>\n<meta property=\"og:title\" content=\"\u25b6\ufe0e CLUB CATAL\u00c1N DE NEGOCIOS \ud83e\udd1d\" \/>\n<meta property=\"og:description\" content=\"\ud83c\uddf2\ud83c\uddfd Bienvenido al CLUB CATAL\u00c1N de NEGOCIOS, una plataforma pensada para ayudar a emprendedores a estrechar lazos entre Catalu\u00f1a y M\u00e9xico.\u2705\" \/>\n<meta property=\"og:url\" content=\"https:\/\/www.clubcatalandenegocios.com.mx\/principal\/\" \/>\n<meta property=\"og:site_name\" content=\"Club Catalan de Negocios\" \/>\n<meta property=\"article:modified_time\" content=\"2023-06-10T16:38:30+00:00\" \/>\n<meta property=\"og:image\" content=\"\" \/>\n<meta name=\"twitter:card\" content=\"summary_large_image\" \/>\n<meta name=\"twitter:label1\" content=\"Tiempo de lectura\" \/>\n\t<meta name=\"twitter:data1\" content=\"2 minutos\" \/>\n<script type=\"application\/ld+json\" class=\"yoast-schema-graph\">{\"@context\":\"https:\/\/schema.org\",\"@graph\":[{\"@type\":\"Organization\",\"@id\":\"https:\/\/www.clubcatalandenegocios.com.mx\/principal\/#organization\",\"name\":\"Club Catal\u00e1n de Negocios\",\"url\":\"https:\/\/www.clubcatalandenegocios.com.mx\/principal\/\",\"sameAs\":[],\"logo\":{\"@type\":\"ImageObject\",\"@id\":\"https:\/\/www.clubcatalandenegocios.com.mx\/principal\/#logo\",\"inLanguage\":\"es\",\"url\":\"https:\/\/clubcatalandenegocios.com.mx\/principal\/wp-content\/uploads\/2022\/02\/CCN_Logo_transparent-1.png\",\"contentUrl\":\"https:\/\/clubcatalandenegocios.com.mx\/principal\/wp-content\/uploads\/2022\/02\/CCN_Logo_transparent-1.png\",\"width\":500,\"height\":298,\"caption\":\"Club Catal\u00e1n de Negocios\"},\"image\":{\"@id\":\"https:\/\/www.clubcatalandenegocios.com.mx\/principal\/#logo\"}},{\"@type\":\"WebSite\",\"@id\":\"https:\/\/www.clubcatalandenegocios.com.mx\/principal\/#website\",\"url\":\"https:\/\/www.clubcatalandenegocios.com.mx\/principal\/\",\"name\":\"Club Catalan de Negocios\",\"description\":\"Club Catal\u00e1n de Negocios de M\u00e9xico\",\"publisher\":{\"@id\":\"https:\/\/www.clubcatalandenegocios.com.mx\/principal\/#organization\"},\"potentialAction\":[{\"@type\":\"SearchAction\",\"target\":{\"@type\":\"EntryPoint\",\"urlTemplate\":\"https:\/\/www.clubcatalandenegocios.com.mx\/principal\/?s={search_term_string}\"},\"query-input\":\"required name=search_term_string\"}],\"inLanguage\":\"es\"},{\"@type\":\"ImageObject\",\"@id\":\"https:\/\/www.clubcatalandenegocios.com.mx\/principal\/#primaryimage\",\"inLanguage\":\"es\",\"url\":\"data:image\/gif;base64,R0lGODlhAQABAIAAAAAAAP\/\/\/yH5BAEAAAAALAAAAAABAAEAAAIBRAA7\",\"contentUrl\":\"data:image\/gif;base64,R0lGODlhAQABAIAAAAAAAP\/\/\/yH5BAEAAAAALAAAAAABAAEAAAIBRAA7\"},{\"@type\":\"WebPage\",\"@id\":\"https:\/\/www.clubcatalandenegocios.com.mx\/principal\/#webpage\",\"url\":\"https:\/\/www.clubcatalandenegocios.com.mx\/principal\/\",\"name\":\"\u25b6\ufe0e CLUB CATAL\u00c1N DE NEGOCIOS \ud83e\udd1d\",\"isPartOf\":{\"@id\":\"https:\/\/www.clubcatalandenegocios.com.mx\/principal\/#website\"},\"primaryImageOfPage\":{\"@id\":\"https:\/\/www.clubcatalandenegocios.com.mx\/principal\/#primaryimage\"},\"datePublished\":\"2021-06-10T17:27:24+00:00\",\"dateModified\":\"2023-06-10T16:38:30+00:00\",\"description\":\"\ud83c\uddf2\ud83c\uddfd Bienvenido al CLUB CATAL\u00c1N de NEGOCIOS, una plataforma pensada para ayudar a emprendedores a estrechar lazos entre Catalu\u00f1a y M\u00e9xico.\u2705\",\"breadcrumb\":{\"@id\":\"https:\/\/www.clubcatalandenegocios.com.mx\/principal\/#breadcrumb\"},\"inLanguage\":\"es\",\"potentialAction\":[{\"@type\":\"ReadAction\",\"target\":[\"https:\/\/www.clubcatalandenegocios.com.mx\/principal\/\"]}]},{\"@type\":\"BreadcrumbList\",\"@id\":\"https:\/\/www.clubcatalandenegocios.com.mx\/principal\/#breadcrumb\",\"itemListElement\":[{\"@type\":\"ListItem\",\"position\":1,\"name\":\"Home\",\"item\":\"https:\/\/www.clubcatalandenegocios.com.mx\/principal\/\"},{\"@type\":\"ListItem\",\"position\":2,\"name\":\"HOME\"}]}]}<\/script>\n","yoast_head_json":{"title":"\u25b6\ufe0e CLUB CATAL\u00c1N DE NEGOCIOS \ud83e\udd1d","description":"\ud83c\uddf2\ud83c\uddfd Bienvenido al CLUB CATAL\u00c1N de NEGOCIOS, una plataforma pensada para ayudar a emprendedores a estrechar lazos entre Catalu\u00f1a y M\u00e9xico.\u2705","robots":{"index":"index","follow":"follow","max-snippet":"max-snippet:-1","max-image-preview":"max-image-preview:large","max-video-preview":"max-video-preview:-1"},"canonical":"https:\/\/www.clubcatalandenegocios.com.mx\/principal\/","og_locale":"es_ES","og_type":"article","og_title":"\u25b6\ufe0e CLUB CATAL\u00c1N DE NEGOCIOS \ud83e\udd1d","og_description":"\ud83c\uddf2\ud83c\uddfd Bienvenido al CLUB CATAL\u00c1N de NEGOCIOS, una plataforma pensada para ayudar a emprendedores a estrechar lazos entre Catalu\u00f1a y M\u00e9xico.\u2705","og_url":"https:\/\/www.clubcatalandenegocios.com.mx\/principal\/","og_site_name":"Club Catalan de Negocios","article_modified_time":"2023-06-10T16:38:30+00:00","og_image":[{"url":"data:image\/gif;base64,R0lGODlhAQABAIAAAAAAAP\/\/\/yH5BAEAAAAALAAAAAABAAEAAAIBRAA7"}],"twitter_card":"summary_large_image","twitter_misc":{"Tiempo de lectura":"2 minutos"},"schema":{"@context":"https:\/\/schema.org","@graph":[{"@type":"Organization","@id":"https:\/\/www.clubcatalandenegocios.com.mx\/principal\/#organization","name":"Club Catal\u00e1n de Negocios","url":"https:\/\/www.clubcatalandenegocios.com.mx\/principal\/","sameAs":[],"logo":{"@type":"ImageObject","@id":"https:\/\/www.clubcatalandenegocios.com.mx\/principal\/#logo","inLanguage":"es","url":"https:\/\/clubcatalandenegocios.com.mx\/principal\/wp-content\/uploads\/2022\/02\/CCN_Logo_transparent-1.png","contentUrl":"https:\/\/clubcatalandenegocios.com.mx\/principal\/wp-content\/uploads\/2022\/02\/CCN_Logo_transparent-1.png","width":500,"height":298,"caption":"Club Catal\u00e1n de Negocios"},"image":{"@id":"https:\/\/www.clubcatalandenegocios.com.mx\/principal\/#logo"}},{"@type":"WebSite","@id":"https:\/\/www.clubcatalandenegocios.com.mx\/principal\/#website","url":"https:\/\/www.clubcatalandenegocios.com.mx\/principal\/","name":"Club Catalan de Negocios","description":"Club Catal\u00e1n de Negocios de M\u00e9xico","publisher":{"@id":"https:\/\/www.clubcatalandenegocios.com.mx\/principal\/#organization"},"potentialAction":[{"@type":"SearchAction","target":{"@type":"EntryPoint","urlTemplate":"https:\/\/www.clubcatalandenegocios.com.mx\/principal\/?s={search_term_string}"},"query-input":"required name=search_term_string"}],"inLanguage":"es"},{"@type":"ImageObject","@id":"https:\/\/www.clubcatalandenegocios.com.mx\/principal\/#primaryimage","inLanguage":"es","url":"data:image\/gif;base64,R0lGODlhAQABAIAAAAAAAP\/\/\/yH5BAEAAAAALAAAAAABAAEAAAIBRAA7","contentUrl":"data:image\/gif;base64,R0lGODlhAQABAIAAAAAAAP\/\/\/yH5BAEAAAAALAAAAAABAAEAAAIBRAA7"},{"@type":"WebPage","@id":"https:\/\/www.clubcatalandenegocios.com.mx\/principal\/#webpage","url":"https:\/\/www.clubcatalandenegocios.com.mx\/principal\/","name":"\u25b6\ufe0e CLUB CATAL\u00c1N DE NEGOCIOS \ud83e\udd1d","isPartOf":{"@id":"https:\/\/www.clubcatalandenegocios.com.mx\/principal\/#website"},"primaryImageOfPage":{"@id":"https:\/\/www.clubcatalandenegocios.com.mx\/principal\/#primaryimage"},"datePublished":"2021-06-10T17:27:24+00:00","dateModified":"2023-06-10T16:38:30+00:00","description":"\ud83c\uddf2\ud83c\uddfd Bienvenido al CLUB CATAL\u00c1N de NEGOCIOS, una plataforma pensada para ayudar a emprendedores a estrechar lazos entre Catalu\u00f1a y M\u00e9xico.\u2705","breadcrumb":{"@id":"https:\/\/www.clubcatalandenegocios.com.mx\/principal\/#breadcrumb"},"inLanguage":"es","potentialAction":[{"@type":"ReadAction","target":["https:\/\/www.clubcatalandenegocios.com.mx\/principal\/"]}]},{"@type":"BreadcrumbList","@id":"https:\/\/www.clubcatalandenegocios.com.mx\/principal\/#breadcrumb","itemListElement":[{"@type":"ListItem","position":1,"name":"Home","item":"https:\/\/www.clubcatalandenegocios.com.mx\/principal\/"},{"@type":"ListItem","position":2,"name":"HOME"}]}]}},"_links":{"self":[{"href":"https:\/\/www.clubcatalandenegocios.com.mx\/principal\/index.php?rest_route=\/wp\/v2\/pages\/2004"}],"collection":[{"href":"https:\/\/www.clubcatalandenegocios.com.mx\/principal\/index.php?rest_route=\/wp\/v2\/pages"}],"about":[{"href":"https:\/\/www.clubcatalandenegocios.com.mx\/principal\/index.php?rest_route=\/wp\/v2\/types\/page"}],"author":[{"embeddable":true,"href":"https:\/\/www.clubcatalandenegocios.com.mx\/principal\/index.php?rest_route=\/wp\/v2\/users\/4"}],"replies":[{"embeddable":true,"href":"https:\/\/www.clubcatalandenegocios.com.mx\/principal\/index.php?rest_route=%2Fwp%2Fv2%2Fcomments&post=2004"}],"version-history":[{"count":51,"href":"https:\/\/www.clubcatalandenegocios.com.mx\/principal\/index.php?rest_route=\/wp\/v2\/pages\/2004\/revisions"}],"predecessor-version":[{"id":3294,"href":"https:\/\/www.clubcatalandenegocios.com.mx\/principal\/index.php?rest_route=\/wp\/v2\/pages\/2004\/revisions\/3294"}],"wp:attachment":[{"href":"https:\/\/www.clubcatalandenegocios.com.mx\/principal\/index.php?rest_route=%2Fwp%2Fv2%2Fmedia&parent=2004"}],"wp:term":[{"taxonomy":"post_tag","embeddable":true,"href":"https:\/\/www.clubcatalandenegocios.com.mx\/principal\/index.php?rest_route=%2Fwp%2Fv2%2Ftags&post=2004"}],"curies":[{"name":"wp","href":"https:\/\/api.w.org\/{rel}","templated":true}]}}