{"id":1383,"date":"2020-06-22T17:34:31","date_gmt":"2020-06-22T17:34:31","guid":{"rendered":"https:\/\/clubcatalandenegocios.com.mx\/principal\/?page_id=1383"},"modified":"2026-04-02T10:06:38","modified_gmt":"2026-04-02T16:06:38","slug":"beneficios","status":"publish","type":"page","link":"https:\/\/www.clubcatalandenegocios.com.mx\/principal\/?page_id=1383","title":{"rendered":"BENEFICIOS"},"content":{"rendered":"<p><section class=\"kc-elm kc-css-97905 kc_row\"><div class=\"kc-row-container kc-container\"><div class=\"kc-wrap-columns\"><div class=\"kc-elm kc-css-711149 kc_col-sm-12 kc_column kc_col-sm-12\"><div class=\"kc-col-container\"><div class=\"kc-elm kc-css-640507\" style=\"height: 75px; clear: both; width:100%;\"><\/div><\/div><\/div><\/div><\/div><\/section><section class=\"kc-elm kc-css-884348 kc_row\"><div class=\"kc-row-container kc-container\"><div class=\"kc-wrap-columns\"><div class=\"kc-elm kc-css-757226 kc_col-sm-12 kc_column kc_col-sm-12\"><div class=\"kc-col-container\"><div class=\"kc-elm kc-css-796397 kc-animated kc-animate-eff-fadeIn kc_text_block\"><\/p>\n<p style=\"text-align: center;\">El objetivo de los servicios de soft-landing que te ofrece el Club Catal\u00e1n de Negocios es reducir al m\u00e1ximo el riesgo de todo proceso de internacionalizaci\u00f3n, planificando y solucionando todos los temas que tu empresa se pueda encontrar en el camino antes de establecerse en M\u00e9xico.<\/p>\n<p>\n<\/div><div class=\"kc-elm kc-css-564580\" style=\"height: 75px; clear: both; width:100%;\"><\/div><\/div><\/div><\/div><\/div><\/section><section class=\"kc-elm kc-css-646681 kc_row\"><div class=\"kc-row-container kc-container\"><div class=\"kc-wrap-columns\"><div class=\"kc-elm kc-css-584671 kc_col-sm-12 kc_column kc_col-sm-12\"><div class=\"kc-col-container\"><div class=\"kc-elm kc-css-247242 kc_row kc_row_inner\"><div class=\"kc-elm kc-css-118976 kc_col-sm-6 kc_column_inner kc_col-sm-6\"><div class=\"kc_wrapper kc-col-inner-container\"><div class=\"kc-elm kc-css-90914 kc-animated kc-animate-eff-fadeInLeft kc_shortcode kc_single_image\">\n\n <img src=\"https:\/\/www.clubcatalandenegocios.com.mx\/principal\/wp-content\/uploads\/2022\/02\/pexels-fauxels-3184416-1-scaled.jpg\" class=\"\" alt=\"\" \/> <\/div>\n<\/div><\/div><div class=\"kc-elm kc-css-885622 kc_col-sm-6 kc_column_inner kc_col-sm-6\"><div class=\"kc_wrapper kc-col-inner-container\">\n<div class=\"kc-elm kc-css-772999 kc-animated kc-animate-eff-fadeInRight kc-title-wrap \">\n\n\t<h2 class=\"kc_title\">Networking<\/h2>\n<\/div>\n<div class=\"kc-elm kc-css-102998 kc-animated kc-animate-eff-fadeInRight kc_text_block\"><\/p>\n<p>\nConoce el directorio de nuestras empresas asociadas y sus beneficios como socio.<\/p>\n<ul>\n<li>Informaci\u00f3n general sobre M\u00e9xico.<\/li>\n<li>C\u00f3mo hacer negocios en M\u00e9xico.<\/li>\n<li>Descuentos sobre productos o servicios de nuestros socios.<\/li>\n<li>Apoyo b\u00fasqueda de socios estrat\u00e9gicos.<\/li>\n<li>Apoyo creaci\u00f3n y fortalecimiento de redes de contactos.<br \/>Organizaci\u00f3n de Eventos: Presentaciones, conferencias, entrevistas, etc\u2026<\/li>\n<\/ul>\n<p>\n<\/div><\/div><\/div><\/div><div class=\"kc-elm kc-css-967384 kc_row kc_row_inner\"><div class=\"kc-elm kc-css-264340 kc_col-sm-12 kc_column_inner kc_col-sm-12\"><div class=\"kc_wrapper kc-col-inner-container\"><div class=\"kc-elm kc-css-247365\" style=\"height: 50px; clear: both; width:100%;\"><\/div><\/div><\/div><\/div><div class=\"kc-elm kc-css-43280 kc_row kc_row_inner\"><div class=\"hide-movil\"><div class=\"kc-elm kc-css-310135 kc_col-sm-6 kc_column_inner kc_col-sm-6\"><div class=\"kc_wrapper kc-col-inner-container\">\n<div class=\"kc-elm kc-css-937540 kc-animated kc-animate-eff-fadeInLeft kc-title-wrap \">\n\n\t<h2 class=\"kc_title\">Viajes y Transporte<\/h2>\n<\/div>\n<div class=\"kc-elm kc-css-517742 kc-animated kc-animate-eff-fadeInLeft kc_text_block\"><\/p>\n<p><strong>EMIRATES<\/strong><\/p>\n<p>Beneficio exclusivo para Socios<\/p>\n<p><span class=\"a_GcMg font-feature-liga-off font-feature-clig-off font-feature-calt-off text-decoration-none text-strikethrough-none\">Descuento del 5%<\/span><\/p>\n<ul>\n<li><span class=\"a_GcMg font-feature-liga-off font-feature-clig-off font-feature-calt-off text-decoration-none text-strikethrough-none\">Clase: Economy, Turista Premium y Business<\/span><\/li>\n<li>Destinos: M\u00e9xico-Barcelona \/ M\u00e9xico -Dubai<\/li>\n<\/ul>\n<p><span class=\"a_GcMg font-feature-liga-off font-feature-clig-off font-feature-calt-off text-decoration-none text-strikethrough-none\">Vigente del 1 de abril al 30 de septiembre de 2026, con periodo de viaje hasta el 30 de noviembre de 2026.<\/span><\/p>\n<p>Solicita el C\u00d3DIGO al correo: info@clubcatalandenegocios.com.mx<\/p>\n<p>\n<\/div><\/div><\/div><div class=\"kc-elm kc-css-70160 kc_col-sm-6 kc_column_inner kc_col-sm-6\"><div class=\"kc_wrapper kc-col-inner-container\"><div class=\"kc-elm kc-css-475271 kc-animated kc-animate-eff-fadeInRight kc_shortcode kc_single_image\">\n\n <img src=\"https:\/\/www.clubcatalandenegocios.com.mx\/principal\/wp-content\/uploads\/2022\/02\/pexels-pixabay-99567-scaled.jpg\" class=\"\" alt=\"\" \/> <\/div>\n<\/div><\/div><\/div><\/div><div class=\"kc-elm kc-css-684784 kc_row kc_row_inner\"><div class=\"kc-elm kc-css-900542 kc_col-sm-12 kc_column_inner kc_col-sm-12\"><div class=\"kc_wrapper kc-col-inner-container\"><div class=\"kc-elm kc-css-346212\" style=\"height: 50px; clear: both; width:100%;\"><\/div><\/div><\/div><\/div><div class=\"kc-elm kc-css-864653 kc_row kc_row_inner\"><div class=\"kc-elm kc-css-471297 kc_col-sm-6 kc_column_inner kc_col-sm-6\"><div class=\"kc_wrapper kc-col-inner-container\"><div class=\"kc-elm kc-css-315450 kc-animated kc-animate-eff-fadeInLeft kc_shortcode kc_single_image\">\n\n <img src=\"https:\/\/www.clubcatalandenegocios.com.mx\/principal\/wp-content\/uploads\/2022\/02\/pexels-andrea-piacquadio-864994-1-scaled.jpg\" class=\"\" alt=\"\" \/> <\/div>\n<\/div><\/div><div class=\"kc-elm kc-css-874798 kc_col-sm-6 kc_column_inner kc_col-sm-6\"><div class=\"kc_wrapper kc-col-inner-container\">\n<div class=\"kc-elm kc-css-814013 kc-animated kc-animate-eff-fadeInRight kc-title-wrap \">\n\n\t<h2 class=\"kc_title\">Formaci\u00f3n de Calidad.<\/h2>\n<\/div>\n<div class=\"kc-elm kc-css-791561 kc-animated kc-animate-eff-fadeInRight kc_text_block\"><\/p>\n<p>\nConoce todas las alianzas y beneficios que tenemos para ti para tu formaci\u00f3n.<\/p>\n<ul>\n<li>UOC (universitat oberta de catalunya).<br \/>Webinar gratuitos.<\/li>\n<\/ul>\n<p>\n<\/div><\/div><\/div><\/div><\/div><\/div><\/div><\/div><\/section><section class=\"kc-elm kc-css-239533 kc_row\"><div class=\"kc-row-container kc-container\"><div class=\"kc-wrap-columns\"><\/div><\/div><\/section><section class=\"kc-elm kc-css-166981 kc_row\"><div class=\"kc-row-container kc-container\"><div class=\"kc-wrap-columns\"><\/div><\/div><\/section><section class=\"kc-elm kc-css-949997 kc_row\"><div class=\"kc-row-container kc-container\"><div class=\"kc-wrap-columns\"><\/div><\/div><\/section><\/p>\n","protected":false},"excerpt":{"rendered":"","protected":false},"author":3,"featured_media":0,"parent":0,"menu_order":0,"comment_status":"closed","ping_status":"closed","template":"","meta":[],"tags":[],"yoast_head":"\n<title>\u25b6\ufe0e BENEFICIOS DEL CLUB<\/title>\n<meta name=\"description\" content=\"Descubre los beneficios que puede tener ser miembro del CLUB CATAL\u00c1N de NEGOCIOS, a t\u00edtulo personal y para tu empresa. \u2705\" \/>\n<meta name=\"robots\" content=\"index, follow, max-snippet:-1, max-image-preview:large, max-video-preview:-1\" \/>\n<link rel=\"canonical\" href=\"https:\/\/www.clubcatalandenegocios.com.mx\/principal\/?page_id=1383\" \/>\n<meta property=\"og:locale\" content=\"es_ES\" \/>\n<meta property=\"og:type\" content=\"article\" \/>\n<meta property=\"og:title\" content=\"\u25b6\ufe0e BENEFICIOS DEL CLUB\" \/>\n<meta property=\"og:description\" content=\"Descubre los beneficios que puede tener ser miembro del CLUB CATAL\u00c1N de NEGOCIOS, a t\u00edtulo personal y para tu empresa. \u2705\" \/>\n<meta property=\"og:url\" content=\"https:\/\/www.clubcatalandenegocios.com.mx\/principal\/?page_id=1383\" \/>\n<meta property=\"og:site_name\" content=\"Club Catalan de Negocios\" \/>\n<meta property=\"article:modified_time\" content=\"2026-04-02T16:06:38+00:00\" \/>\n<meta property=\"og:image\" content=\"https:\/\/www.clubcatalandenegocios.com.mx\/principal\/wp-content\/uploads\/2022\/02\/pexels-fauxels-3184416-1-scaled.jpg\" \/>\n<meta name=\"twitter:card\" content=\"summary_large_image\" \/>\n<meta name=\"twitter:label1\" content=\"Tiempo de lectura\" \/>\n\t<meta name=\"twitter:data1\" content=\"2 minutos\" \/>\n<script type=\"application\/ld+json\" class=\"yoast-schema-graph\">{\"@context\":\"https:\/\/schema.org\",\"@graph\":[{\"@type\":\"Organization\",\"@id\":\"https:\/\/www.clubcatalandenegocios.com.mx\/principal\/#organization\",\"name\":\"Club Catal\u00e1n de Negocios\",\"url\":\"https:\/\/www.clubcatalandenegocios.com.mx\/principal\/\",\"sameAs\":[],\"logo\":{\"@type\":\"ImageObject\",\"@id\":\"https:\/\/www.clubcatalandenegocios.com.mx\/principal\/#logo\",\"inLanguage\":\"es\",\"url\":\"https:\/\/clubcatalandenegocios.com.mx\/principal\/wp-content\/uploads\/2022\/02\/CCN_Logo_transparent-1.png\",\"contentUrl\":\"https:\/\/clubcatalandenegocios.com.mx\/principal\/wp-content\/uploads\/2022\/02\/CCN_Logo_transparent-1.png\",\"width\":500,\"height\":298,\"caption\":\"Club Catal\u00e1n de Negocios\"},\"image\":{\"@id\":\"https:\/\/www.clubcatalandenegocios.com.mx\/principal\/#logo\"}},{\"@type\":\"WebSite\",\"@id\":\"https:\/\/www.clubcatalandenegocios.com.mx\/principal\/#website\",\"url\":\"https:\/\/www.clubcatalandenegocios.com.mx\/principal\/\",\"name\":\"Club Catalan de Negocios\",\"description\":\"Club Catal\u00e1n de Negocios de M\u00e9xico\",\"publisher\":{\"@id\":\"https:\/\/www.clubcatalandenegocios.com.mx\/principal\/#organization\"},\"potentialAction\":[{\"@type\":\"SearchAction\",\"target\":{\"@type\":\"EntryPoint\",\"urlTemplate\":\"https:\/\/www.clubcatalandenegocios.com.mx\/principal\/?s={search_term_string}\"},\"query-input\":\"required name=search_term_string\"}],\"inLanguage\":\"es\"},{\"@type\":\"ImageObject\",\"@id\":\"https:\/\/www.clubcatalandenegocios.com.mx\/principal\/?page_id=1383#primaryimage\",\"inLanguage\":\"es\",\"url\":\"https:\/\/www.clubcatalandenegocios.com.mx\/principal\/wp-content\/uploads\/2022\/02\/pexels-fauxels-3184416-1-scaled.jpg\",\"contentUrl\":\"https:\/\/www.clubcatalandenegocios.com.mx\/principal\/wp-content\/uploads\/2022\/02\/pexels-fauxels-3184416-1-scaled.jpg\",\"width\":1200,\"height\":800,\"caption\":\"Eventos de Networking\"},{\"@type\":\"WebPage\",\"@id\":\"https:\/\/www.clubcatalandenegocios.com.mx\/principal\/?page_id=1383#webpage\",\"url\":\"https:\/\/www.clubcatalandenegocios.com.mx\/principal\/?page_id=1383\",\"name\":\"\u25b6\ufe0e BENEFICIOS DEL CLUB\",\"isPartOf\":{\"@id\":\"https:\/\/www.clubcatalandenegocios.com.mx\/principal\/#website\"},\"primaryImageOfPage\":{\"@id\":\"https:\/\/www.clubcatalandenegocios.com.mx\/principal\/?page_id=1383#primaryimage\"},\"datePublished\":\"2020-06-22T17:34:31+00:00\",\"dateModified\":\"2026-04-02T16:06:38+00:00\",\"description\":\"Descubre los beneficios que puede tener ser miembro del CLUB CATAL\u00c1N de NEGOCIOS, a t\u00edtulo personal y para tu empresa. \u2705\",\"breadcrumb\":{\"@id\":\"https:\/\/www.clubcatalandenegocios.com.mx\/principal\/?page_id=1383#breadcrumb\"},\"inLanguage\":\"es\",\"potentialAction\":[{\"@type\":\"ReadAction\",\"target\":[\"https:\/\/www.clubcatalandenegocios.com.mx\/principal\/?page_id=1383\"]}]},{\"@type\":\"BreadcrumbList\",\"@id\":\"https:\/\/www.clubcatalandenegocios.com.mx\/principal\/?page_id=1383#breadcrumb\",\"itemListElement\":[{\"@type\":\"ListItem\",\"position\":1,\"name\":\"Home\",\"item\":\"https:\/\/www.clubcatalandenegocios.com.mx\/principal\/\"},{\"@type\":\"ListItem\",\"position\":2,\"name\":\"BENEFICIOS\"}]}]}<\/script>\n","yoast_head_json":{"title":"\u25b6\ufe0e BENEFICIOS DEL CLUB","description":"Descubre los beneficios que puede tener ser miembro del CLUB CATAL\u00c1N de NEGOCIOS, a t\u00edtulo personal y para tu empresa. \u2705","robots":{"index":"index","follow":"follow","max-snippet":"max-snippet:-1","max-image-preview":"max-image-preview:large","max-video-preview":"max-video-preview:-1"},"canonical":"https:\/\/www.clubcatalandenegocios.com.mx\/principal\/?page_id=1383","og_locale":"es_ES","og_type":"article","og_title":"\u25b6\ufe0e BENEFICIOS DEL CLUB","og_description":"Descubre los beneficios que puede tener ser miembro del CLUB CATAL\u00c1N de NEGOCIOS, a t\u00edtulo personal y para tu empresa. \u2705","og_url":"https:\/\/www.clubcatalandenegocios.com.mx\/principal\/?page_id=1383","og_site_name":"Club Catalan de Negocios","article_modified_time":"2026-04-02T16:06:38+00:00","og_image":[{"url":"https:\/\/www.clubcatalandenegocios.com.mx\/principal\/wp-content\/uploads\/2022\/02\/pexels-fauxels-3184416-1-scaled.jpg"}],"twitter_card":"summary_large_image","twitter_misc":{"Tiempo de lectura":"2 minutos"},"schema":{"@context":"https:\/\/schema.org","@graph":[{"@type":"Organization","@id":"https:\/\/www.clubcatalandenegocios.com.mx\/principal\/#organization","name":"Club Catal\u00e1n de Negocios","url":"https:\/\/www.clubcatalandenegocios.com.mx\/principal\/","sameAs":[],"logo":{"@type":"ImageObject","@id":"https:\/\/www.clubcatalandenegocios.com.mx\/principal\/#logo","inLanguage":"es","url":"https:\/\/clubcatalandenegocios.com.mx\/principal\/wp-content\/uploads\/2022\/02\/CCN_Logo_transparent-1.png","contentUrl":"https:\/\/clubcatalandenegocios.com.mx\/principal\/wp-content\/uploads\/2022\/02\/CCN_Logo_transparent-1.png","width":500,"height":298,"caption":"Club Catal\u00e1n de Negocios"},"image":{"@id":"https:\/\/www.clubcatalandenegocios.com.mx\/principal\/#logo"}},{"@type":"WebSite","@id":"https:\/\/www.clubcatalandenegocios.com.mx\/principal\/#website","url":"https:\/\/www.clubcatalandenegocios.com.mx\/principal\/","name":"Club Catalan de Negocios","description":"Club Catal\u00e1n de Negocios de M\u00e9xico","publisher":{"@id":"https:\/\/www.clubcatalandenegocios.com.mx\/principal\/#organization"},"potentialAction":[{"@type":"SearchAction","target":{"@type":"EntryPoint","urlTemplate":"https:\/\/www.clubcatalandenegocios.com.mx\/principal\/?s={search_term_string}"},"query-input":"required name=search_term_string"}],"inLanguage":"es"},{"@type":"ImageObject","@id":"https:\/\/www.clubcatalandenegocios.com.mx\/principal\/?page_id=1383#primaryimage","inLanguage":"es","url":"https:\/\/www.clubcatalandenegocios.com.mx\/principal\/wp-content\/uploads\/2022\/02\/pexels-fauxels-3184416-1-scaled.jpg","contentUrl":"https:\/\/www.clubcatalandenegocios.com.mx\/principal\/wp-content\/uploads\/2022\/02\/pexels-fauxels-3184416-1-scaled.jpg","width":1200,"height":800,"caption":"Eventos de Networking"},{"@type":"WebPage","@id":"https:\/\/www.clubcatalandenegocios.com.mx\/principal\/?page_id=1383#webpage","url":"https:\/\/www.clubcatalandenegocios.com.mx\/principal\/?page_id=1383","name":"\u25b6\ufe0e BENEFICIOS DEL CLUB","isPartOf":{"@id":"https:\/\/www.clubcatalandenegocios.com.mx\/principal\/#website"},"primaryImageOfPage":{"@id":"https:\/\/www.clubcatalandenegocios.com.mx\/principal\/?page_id=1383#primaryimage"},"datePublished":"2020-06-22T17:34:31+00:00","dateModified":"2026-04-02T16:06:38+00:00","description":"Descubre los beneficios que puede tener ser miembro del CLUB CATAL\u00c1N de NEGOCIOS, a t\u00edtulo personal y para tu empresa. \u2705","breadcrumb":{"@id":"https:\/\/www.clubcatalandenegocios.com.mx\/principal\/?page_id=1383#breadcrumb"},"inLanguage":"es","potentialAction":[{"@type":"ReadAction","target":["https:\/\/www.clubcatalandenegocios.com.mx\/principal\/?page_id=1383"]}]},{"@type":"BreadcrumbList","@id":"https:\/\/www.clubcatalandenegocios.com.mx\/principal\/?page_id=1383#breadcrumb","itemListElement":[{"@type":"ListItem","position":1,"name":"Home","item":"https:\/\/www.clubcatalandenegocios.com.mx\/principal\/"},{"@type":"ListItem","position":2,"name":"BENEFICIOS"}]}]}},"_links":{"self":[{"href":"https:\/\/www.clubcatalandenegocios.com.mx\/principal\/index.php?rest_route=\/wp\/v2\/pages\/1383"}],"collection":[{"href":"https:\/\/www.clubcatalandenegocios.com.mx\/principal\/index.php?rest_route=\/wp\/v2\/pages"}],"about":[{"href":"https:\/\/www.clubcatalandenegocios.com.mx\/principal\/index.php?rest_route=\/wp\/v2\/types\/page"}],"author":[{"embeddable":true,"href":"https:\/\/www.clubcatalandenegocios.com.mx\/principal\/index.php?rest_route=\/wp\/v2\/users\/3"}],"replies":[{"embeddable":true,"href":"https:\/\/www.clubcatalandenegocios.com.mx\/principal\/index.php?rest_route=%2Fwp%2Fv2%2Fcomments&post=1383"}],"version-history":[{"count":30,"href":"https:\/\/www.clubcatalandenegocios.com.mx\/principal\/index.php?rest_route=\/wp\/v2\/pages\/1383\/revisions"}],"predecessor-version":[{"id":4236,"href":"https:\/\/www.clubcatalandenegocios.com.mx\/principal\/index.php?rest_route=\/wp\/v2\/pages\/1383\/revisions\/4236"}],"wp:attachment":[{"href":"https:\/\/www.clubcatalandenegocios.com.mx\/principal\/index.php?rest_route=%2Fwp%2Fv2%2Fmedia&parent=1383"}],"wp:term":[{"taxonomy":"post_tag","embeddable":true,"href":"https:\/\/www.clubcatalandenegocios.com.mx\/principal\/index.php?rest_route=%2Fwp%2Fv2%2Ftags&post=1383"}],"curies":[{"name":"wp","href":"https:\/\/api.w.org\/{rel}","templated":true}]}}