{"id":1309,"date":"2020-06-17T22:21:37","date_gmt":"2020-06-17T22:21:37","guid":{"rendered":"https:\/\/clubcatalandenegocios.com.mx\/principal\/?page_id=1309"},"modified":"2022-11-17T13:42:37","modified_gmt":"2022-11-17T19:42:37","slug":"el-club","status":"publish","type":"page","link":"https:\/\/www.clubcatalandenegocios.com.mx\/principal\/?page_id=1309","title":{"rendered":"EL CLUB"},"content":{"rendered":"<p><section class=\"kc-elm kc-css-67813 kc_row\"><div class=\"kc-row-container kc-container\"><div class=\"kc-wrap-columns\"><div class=\"kc-elm kc-css-232925 kc_col-sm-12 kc_column kc_col-sm-12\"><div class=\"kc-col-container\"><div class=\"kc-elm kc-css-659677\" style=\"height: 100px; clear: both; width:100%;\"><\/div><\/div><\/div><\/div><\/div><\/section><section class=\"kc-elm kc-css-107837 kc_row\"><div class=\"kc-row-container kc-container\"><div class=\"kc-wrap-columns\"><div class=\"kc-elm kc-css-315954 kc_col-sm-12 kc_column kc_col-sm-12\"><div class=\"kc-col-container\"><div class=\"kc-elm kc-css-260391 kc_row kc_row_inner\"><div class=\"kc-elm kc-css-292208 kc_col-sm-6 kc_column_inner kc_col-sm-6\"><div class=\"kc_wrapper kc-col-inner-container\"><div class=\"kc-elm kc-css-867145 kc-animated kc-animate-eff-fadeInLeft kc_shortcode kc_single_image\">\n\n <img src=\"https:\/\/www.clubcatalandenegocios.com.mx\/principal\/wp-content\/uploads\/2022\/02\/shaking-hands-gb587f2376_1280-scaled.jpg\" class=\"\" alt=\"\" \/> <\/div>\n<\/div><\/div><div class=\"kc-elm kc-css-758857 kc_col-sm-6 kc_column_inner kc_col-sm-6\"><div class=\"kc_wrapper kc-col-inner-container\"><div class=\"kc-elm kc-css-824832\" style=\"height: 0px; clear: both; width:100%;\"><\/div>\n<div class=\"kc-elm kc-css-541194 kc-animated kc-animate-eff-fadeInRight kc-title-wrap \">\n\n\t<h2 class=\"kc_title\">Bienvenido al Club Catal\u00e1n de Negocios<\/h2>\n<\/div>\n<div class=\"kc-elm kc-css-843852 kc-animated kc-animate-eff-fadeInRight kc_text_block\"><\/p>\n<p>El Club Catal\u00e1n de Negocios es una organizaci\u00f3n empresarial privada sin \u00e1nimo de lucro con m\u00e1s de 35 a\u00f1os que se dedica a la facilitaci\u00f3n de negocios entre sus asociados, empresarios catalanes, espa\u00f1oles y mexicanos.<\/p>\n<p>El objetivo de la organizaci\u00f3n es crear espacios de networking que ayuden al acercamiento de las relaciones y as\u00ed estimular la identificaci\u00f3n de oportunidades de negocio y\/o colaboraci\u00f3n.<\/p>\n<p>\n<\/div><\/div><\/div><\/div><div class=\"kc-elm kc-css-75537 kc_row kc_row_inner\"><div class=\"kc-elm kc-css-666689 kc_col-sm-12 kc_column_inner kc_col-sm-12\"><div class=\"kc_wrapper kc-col-inner-container\"><div class=\"kc-elm kc-css-566825\" style=\"height: 70px; clear: both; width:100%;\"><\/div><\/div><\/div><\/div><div class=\"kc-elm kc-css-335614 kc_row kc_row_inner\"><div class=\"hide-movil\"><div class=\"kc-elm kc-css-413615 kc_col-sm-6 kc_column_inner kc_col-sm-6\"><div class=\"kc_wrapper kc-col-inner-container\"><div class=\"kc-elm kc-css-208147\" style=\"height: 75px; clear: both; width:100%;\"><\/div>\n<div class=\"kc-elm kc-css-202160 kc-animated kc-animate-eff-fadeInLeft kc-title-wrap \">\n\n\t<h2 class=\"kc_title\">\u00bfPor qu\u00e9 ser miembro del Club Catal\u00e1n de Negocios?<\/h2>\n<\/div>\n<div class=\"kc-elm kc-css-857419 kc-animated kc-animate-eff-fadeInLeft kc_text_block\"><\/p>\n<p>Catalunya y M\u00e9xico representan 2 socios comerciales de gran importancia, por lo que creemos importante que la iniciativa privada ayude a las administraciones y empresas al mantenimiento y desarrollo de las relaciones.<\/p>\n<p>\n<\/div><\/div><\/div><div class=\"kc-elm kc-css-234162 kc_col-sm-6 kc_column_inner kc_col-sm-6\"><div class=\"kc_wrapper kc-col-inner-container\"><div class=\"kc-elm kc-css-869816 kc-animated kc-animate-eff-fadeInRight kc_shortcode kc_single_image\">\n\n <img src=\"https:\/\/www.clubcatalandenegocios.com.mx\/principal\/wp-content\/uploads\/2022\/02\/pexels-fauxels-3184418-1-scaled.jpg\" class=\"\" alt=\"\" \/> <\/div>\n<\/div><\/div><\/div><\/div><div class=\"kc-elm kc-css-663517 kc_row kc_row_inner\"><div class=\"kc-elm kc-css-145330 kc_col-sm-12 kc_column_inner kc_col-sm-12\"><div class=\"kc_wrapper kc-col-inner-container\"><div class=\"kc-elm kc-css-790244\" style=\"height: 70px; clear: both; width:100%;\"><\/div><\/div><\/div><\/div><div class=\"kc-elm kc-css-325551 kc_row kc_row_inner\"><div class=\"kc-elm kc-css-511492 kc_col-sm-6 kc_column_inner kc_col-sm-6\"><div class=\"kc_wrapper kc-col-inner-container\"><div class=\"kc-elm kc-css-94138\" style=\"height: 75px; clear: both; width:100%;\"><\/div><div class=\"kc-elm kc-css-918392 kc-animated kc-animate-eff-fadeInLeft kc_shortcode kc_single_image\">\n\n <img src=\"https:\/\/www.clubcatalandenegocios.com.mx\/principal\/wp-content\/uploads\/2022\/02\/pexels-matheus-bertelli-2608517-1-scaled.jpg\" class=\"\" alt=\"\" \/> <\/div>\n<\/div><\/div><div class=\"kc-elm kc-css-943747 kc_col-sm-6 kc_column_inner kc_col-sm-6\"><div class=\"kc_wrapper kc-col-inner-container\">\n<div class=\"kc-elm kc-css-745752 kc-animated kc-animate-eff-fadeInRight kc-title-wrap \">\n\n\t<h1 class=\"kc_title\">\u00bfQu\u00e9 hacemos?<\/h1>\n<\/div>\n<div class=\"kc-elm kc-css-451822 kc-animated kc-animate-eff-fadeInRight kc_text_block\"><\/p>\n<p><strong>Comidas Empresariales<\/strong><\/p>\n<p>Nuestro evento central son las Comidas Empresariales de car\u00e1cter mensual que hacemos durante 10 veces al a\u00f1o.<\/p>\n<p>El objetivo de estas comidas es la generaci\u00f3n de contactos y la identificaci\u00f3n de oportunidades.<\/p>\n<p>Adem\u00e1s contamos con la conferencia de una persona de relevancia p\u00fablica.<\/p>\n<p><strong>Cocktail empresarial<\/strong><\/p>\n<p>Encuentro informal para favorecer el networking. Posibilidad de presentar la empresa y los servicios de los socios.<\/p>\n<p><strong>Match-Making<\/strong><\/p>\n<p>El Club Catal\u00e1n de Negocios conoce de primera mano lo que ofrecen y necesitan las empresas asociadas y trabaja constantemente para conectar esas oportunidades de colaboraci\u00f3n y de negocios entre nuestros socios.<\/p>\n<p>\n<\/div><\/div><\/div><\/div><\/div><\/div><\/div><\/div><\/section><section class=\"kc-elm kc-css-251419 kc_row\"><div class=\"kc-row-container kc-container\"><div class=\"kc-wrap-columns\"><\/div><\/div><\/section><section class=\"kc-elm kc-css-474931 kc_row\"><div class=\"kc-row-container kc-container\"><div class=\"kc-wrap-columns\"><\/div><\/div><\/section><section class=\"kc-elm kc-css-339715 kc_row\"><div class=\"kc-row-container kc-container\"><div class=\"kc-wrap-columns\"><\/div><\/div><\/section><\/p>\n","protected":false},"excerpt":{"rendered":"","protected":false},"author":3,"featured_media":0,"parent":0,"menu_order":0,"comment_status":"closed","ping_status":"closed","template":"","meta":[],"tags":[],"yoast_head":"\n<title>\u25b6\ufe0e EL CLUB \ud83d\udcbc<\/title>\n<meta name=\"description\" content=\"Descubre qu\u00e9 hacemos en el Club Catal\u00e1n de Negocios, el c\u00f3mo y el porqu\u00e9 lo hacemos, y si el Club es el indicado para ti y tu proyecto. \u2705\" \/>\n<meta name=\"robots\" content=\"index, follow, max-snippet:-1, max-image-preview:large, max-video-preview:-1\" \/>\n<link rel=\"canonical\" href=\"https:\/\/www.clubcatalandenegocios.com.mx\/principal\/?page_id=1309\" \/>\n<meta property=\"og:locale\" content=\"es_ES\" \/>\n<meta property=\"og:type\" content=\"article\" \/>\n<meta property=\"og:title\" content=\"\u25b6\ufe0e EL CLUB \ud83d\udcbc\" \/>\n<meta property=\"og:description\" content=\"Descubre qu\u00e9 hacemos en el Club Catal\u00e1n de Negocios, el c\u00f3mo y el porqu\u00e9 lo hacemos, y si el Club es el indicado para ti y tu proyecto. \u2705\" \/>\n<meta property=\"og:url\" content=\"https:\/\/www.clubcatalandenegocios.com.mx\/principal\/?page_id=1309\" \/>\n<meta property=\"og:site_name\" content=\"Club Catalan de Negocios\" \/>\n<meta property=\"article:modified_time\" content=\"2022-11-17T19:42:37+00:00\" \/>\n<meta property=\"og:image\" content=\"https:\/\/clubcatalandenegocios.com.mx\/principal\/wp-content\/uploads\/2022\/02\/shaking-hands-gb587f2376_1280-scaled.jpg\" \/>\n<meta name=\"twitter:card\" content=\"summary_large_image\" \/>\n<meta name=\"twitter:label1\" content=\"Tiempo de lectura\" \/>\n\t<meta name=\"twitter:data1\" content=\"2 minutos\" \/>\n<script type=\"application\/ld+json\" class=\"yoast-schema-graph\">{\"@context\":\"https:\/\/schema.org\",\"@graph\":[{\"@type\":\"Organization\",\"@id\":\"https:\/\/www.clubcatalandenegocios.com.mx\/principal\/#organization\",\"name\":\"Club Catal\u00e1n de Negocios\",\"url\":\"https:\/\/www.clubcatalandenegocios.com.mx\/principal\/\",\"sameAs\":[],\"logo\":{\"@type\":\"ImageObject\",\"@id\":\"https:\/\/www.clubcatalandenegocios.com.mx\/principal\/#logo\",\"inLanguage\":\"es\",\"url\":\"https:\/\/clubcatalandenegocios.com.mx\/principal\/wp-content\/uploads\/2022\/02\/CCN_Logo_transparent-1.png\",\"contentUrl\":\"https:\/\/clubcatalandenegocios.com.mx\/principal\/wp-content\/uploads\/2022\/02\/CCN_Logo_transparent-1.png\",\"width\":500,\"height\":298,\"caption\":\"Club Catal\u00e1n de Negocios\"},\"image\":{\"@id\":\"https:\/\/www.clubcatalandenegocios.com.mx\/principal\/#logo\"}},{\"@type\":\"WebSite\",\"@id\":\"https:\/\/www.clubcatalandenegocios.com.mx\/principal\/#website\",\"url\":\"https:\/\/www.clubcatalandenegocios.com.mx\/principal\/\",\"name\":\"Club Catalan de Negocios\",\"description\":\"Club Catal\u00e1n de Negocios de M\u00e9xico\",\"publisher\":{\"@id\":\"https:\/\/www.clubcatalandenegocios.com.mx\/principal\/#organization\"},\"potentialAction\":[{\"@type\":\"SearchAction\",\"target\":{\"@type\":\"EntryPoint\",\"urlTemplate\":\"https:\/\/www.clubcatalandenegocios.com.mx\/principal\/?s={search_term_string}\"},\"query-input\":\"required name=search_term_string\"}],\"inLanguage\":\"es\"},{\"@type\":\"ImageObject\",\"@id\":\"https:\/\/www.clubcatalandenegocios.com.mx\/principal\/?page_id=1309#primaryimage\",\"inLanguage\":\"es\",\"url\":\"https:\/\/clubcatalandenegocios.com.mx\/principal\/wp-content\/uploads\/2022\/02\/shaking-hands-gb587f2376_1280-scaled.jpg\",\"contentUrl\":\"https:\/\/clubcatalandenegocios.com.mx\/principal\/wp-content\/uploads\/2022\/02\/shaking-hands-gb587f2376_1280-scaled.jpg\"},{\"@type\":\"WebPage\",\"@id\":\"https:\/\/www.clubcatalandenegocios.com.mx\/principal\/?page_id=1309#webpage\",\"url\":\"https:\/\/www.clubcatalandenegocios.com.mx\/principal\/?page_id=1309\",\"name\":\"\u25b6\ufe0e EL CLUB \ud83d\udcbc\",\"isPartOf\":{\"@id\":\"https:\/\/www.clubcatalandenegocios.com.mx\/principal\/#website\"},\"primaryImageOfPage\":{\"@id\":\"https:\/\/www.clubcatalandenegocios.com.mx\/principal\/?page_id=1309#primaryimage\"},\"datePublished\":\"2020-06-17T22:21:37+00:00\",\"dateModified\":\"2022-11-17T19:42:37+00:00\",\"description\":\"Descubre qu\u00e9 hacemos en el Club Catal\u00e1n de Negocios, el c\u00f3mo y el porqu\u00e9 lo hacemos, y si el Club es el indicado para ti y tu proyecto. \u2705\",\"breadcrumb\":{\"@id\":\"https:\/\/www.clubcatalandenegocios.com.mx\/principal\/?page_id=1309#breadcrumb\"},\"inLanguage\":\"es\",\"potentialAction\":[{\"@type\":\"ReadAction\",\"target\":[\"https:\/\/www.clubcatalandenegocios.com.mx\/principal\/?page_id=1309\"]}]},{\"@type\":\"BreadcrumbList\",\"@id\":\"https:\/\/www.clubcatalandenegocios.com.mx\/principal\/?page_id=1309#breadcrumb\",\"itemListElement\":[{\"@type\":\"ListItem\",\"position\":1,\"name\":\"Home\",\"item\":\"https:\/\/www.clubcatalandenegocios.com.mx\/principal\/\"},{\"@type\":\"ListItem\",\"position\":2,\"name\":\"EL CLUB\"}]}]}<\/script>\n","yoast_head_json":{"title":"\u25b6\ufe0e EL CLUB \ud83d\udcbc","description":"Descubre qu\u00e9 hacemos en el Club Catal\u00e1n de Negocios, el c\u00f3mo y el porqu\u00e9 lo hacemos, y si el Club es el indicado para ti y tu proyecto. \u2705","robots":{"index":"index","follow":"follow","max-snippet":"max-snippet:-1","max-image-preview":"max-image-preview:large","max-video-preview":"max-video-preview:-1"},"canonical":"https:\/\/www.clubcatalandenegocios.com.mx\/principal\/?page_id=1309","og_locale":"es_ES","og_type":"article","og_title":"\u25b6\ufe0e EL CLUB \ud83d\udcbc","og_description":"Descubre qu\u00e9 hacemos en el Club Catal\u00e1n de Negocios, el c\u00f3mo y el porqu\u00e9 lo hacemos, y si el Club es el indicado para ti y tu proyecto. \u2705","og_url":"https:\/\/www.clubcatalandenegocios.com.mx\/principal\/?page_id=1309","og_site_name":"Club Catalan de Negocios","article_modified_time":"2022-11-17T19:42:37+00:00","og_image":[{"url":"https:\/\/clubcatalandenegocios.com.mx\/principal\/wp-content\/uploads\/2022\/02\/shaking-hands-gb587f2376_1280-scaled.jpg"}],"twitter_card":"summary_large_image","twitter_misc":{"Tiempo de lectura":"2 minutos"},"schema":{"@context":"https:\/\/schema.org","@graph":[{"@type":"Organization","@id":"https:\/\/www.clubcatalandenegocios.com.mx\/principal\/#organization","name":"Club Catal\u00e1n de Negocios","url":"https:\/\/www.clubcatalandenegocios.com.mx\/principal\/","sameAs":[],"logo":{"@type":"ImageObject","@id":"https:\/\/www.clubcatalandenegocios.com.mx\/principal\/#logo","inLanguage":"es","url":"https:\/\/clubcatalandenegocios.com.mx\/principal\/wp-content\/uploads\/2022\/02\/CCN_Logo_transparent-1.png","contentUrl":"https:\/\/clubcatalandenegocios.com.mx\/principal\/wp-content\/uploads\/2022\/02\/CCN_Logo_transparent-1.png","width":500,"height":298,"caption":"Club Catal\u00e1n de Negocios"},"image":{"@id":"https:\/\/www.clubcatalandenegocios.com.mx\/principal\/#logo"}},{"@type":"WebSite","@id":"https:\/\/www.clubcatalandenegocios.com.mx\/principal\/#website","url":"https:\/\/www.clubcatalandenegocios.com.mx\/principal\/","name":"Club Catalan de Negocios","description":"Club Catal\u00e1n de Negocios de M\u00e9xico","publisher":{"@id":"https:\/\/www.clubcatalandenegocios.com.mx\/principal\/#organization"},"potentialAction":[{"@type":"SearchAction","target":{"@type":"EntryPoint","urlTemplate":"https:\/\/www.clubcatalandenegocios.com.mx\/principal\/?s={search_term_string}"},"query-input":"required name=search_term_string"}],"inLanguage":"es"},{"@type":"ImageObject","@id":"https:\/\/www.clubcatalandenegocios.com.mx\/principal\/?page_id=1309#primaryimage","inLanguage":"es","url":"https:\/\/clubcatalandenegocios.com.mx\/principal\/wp-content\/uploads\/2022\/02\/shaking-hands-gb587f2376_1280-scaled.jpg","contentUrl":"https:\/\/clubcatalandenegocios.com.mx\/principal\/wp-content\/uploads\/2022\/02\/shaking-hands-gb587f2376_1280-scaled.jpg"},{"@type":"WebPage","@id":"https:\/\/www.clubcatalandenegocios.com.mx\/principal\/?page_id=1309#webpage","url":"https:\/\/www.clubcatalandenegocios.com.mx\/principal\/?page_id=1309","name":"\u25b6\ufe0e EL CLUB \ud83d\udcbc","isPartOf":{"@id":"https:\/\/www.clubcatalandenegocios.com.mx\/principal\/#website"},"primaryImageOfPage":{"@id":"https:\/\/www.clubcatalandenegocios.com.mx\/principal\/?page_id=1309#primaryimage"},"datePublished":"2020-06-17T22:21:37+00:00","dateModified":"2022-11-17T19:42:37+00:00","description":"Descubre qu\u00e9 hacemos en el Club Catal\u00e1n de Negocios, el c\u00f3mo y el porqu\u00e9 lo hacemos, y si el Club es el indicado para ti y tu proyecto. \u2705","breadcrumb":{"@id":"https:\/\/www.clubcatalandenegocios.com.mx\/principal\/?page_id=1309#breadcrumb"},"inLanguage":"es","potentialAction":[{"@type":"ReadAction","target":["https:\/\/www.clubcatalandenegocios.com.mx\/principal\/?page_id=1309"]}]},{"@type":"BreadcrumbList","@id":"https:\/\/www.clubcatalandenegocios.com.mx\/principal\/?page_id=1309#breadcrumb","itemListElement":[{"@type":"ListItem","position":1,"name":"Home","item":"https:\/\/www.clubcatalandenegocios.com.mx\/principal\/"},{"@type":"ListItem","position":2,"name":"EL CLUB"}]}]}},"_links":{"self":[{"href":"https:\/\/www.clubcatalandenegocios.com.mx\/principal\/index.php?rest_route=\/wp\/v2\/pages\/1309"}],"collection":[{"href":"https:\/\/www.clubcatalandenegocios.com.mx\/principal\/index.php?rest_route=\/wp\/v2\/pages"}],"about":[{"href":"https:\/\/www.clubcatalandenegocios.com.mx\/principal\/index.php?rest_route=\/wp\/v2\/types\/page"}],"author":[{"embeddable":true,"href":"https:\/\/www.clubcatalandenegocios.com.mx\/principal\/index.php?rest_route=\/wp\/v2\/users\/3"}],"replies":[{"embeddable":true,"href":"https:\/\/www.clubcatalandenegocios.com.mx\/principal\/index.php?rest_route=%2Fwp%2Fv2%2Fcomments&post=1309"}],"version-history":[{"count":87,"href":"https:\/\/www.clubcatalandenegocios.com.mx\/principal\/index.php?rest_route=\/wp\/v2\/pages\/1309\/revisions"}],"predecessor-version":[{"id":3168,"href":"https:\/\/www.clubcatalandenegocios.com.mx\/principal\/index.php?rest_route=\/wp\/v2\/pages\/1309\/revisions\/3168"}],"wp:attachment":[{"href":"https:\/\/www.clubcatalandenegocios.com.mx\/principal\/index.php?rest_route=%2Fwp%2Fv2%2Fmedia&parent=1309"}],"wp:term":[{"taxonomy":"post_tag","embeddable":true,"href":"https:\/\/www.clubcatalandenegocios.com.mx\/principal\/index.php?rest_route=%2Fwp%2Fv2%2Ftags&post=1309"}],"curies":[{"name":"wp","href":"https:\/\/api.w.org\/{rel}","templated":true}]}}